{"id":2160,"date":"2026-03-07T23:51:07","date_gmt":"2026-03-07T23:51:07","guid":{"rendered":"https:\/\/playonreviews.com\/contact\/"},"modified":"2026-03-21T22:28:37","modified_gmt":"2026-03-21T22:28:37","slug":"contact","status":"publish","type":"page","link":"https:\/\/playonreviews.com\/en\/contact\/","title":{"rendered":"CONTATO"},"content":{"rendered":"<p><img decoding=\"async\" src=\"https:\/\/playonreviews.com\/wp-content\/uploads\/2026\/03\/WhatsApp-Image-2026-03-07-at-19.58.32.jpeg\" title=\"\" alt=\"\" loading=\"lazy\" \/>\t\t\t\t\t\t\t\t\t\t\t\t\t\t\t<\/p>\n<h3>CONTACT US<\/h3>\n<h1>Get in touch<\/h1>\n<p>Do you have any questions, suggestions, or partnership proposals?<br data-start=\"582\" data-end=\"585\" \/>Send us a message and we'll reply as soon as possible.<\/p>","protected":false},"excerpt":{"rendered":"<p>FALE CONOSCO Entre em Contato Tem alguma d\u00favida, sugest\u00e3o ou proposta de parceria?Envie uma mensagem para n\u00f3s e responderemos o mais r\u00e1pido poss\u00edvel.<\/p>","protected":false},"author":1,"featured_media":0,"parent":0,"menu_order":0,"comment_status":"closed","ping_status":"closed","template":"elementor_header_footer","meta":{"om_disable_all_campaigns":false,"_monsterinsights_skip_tracking":false,"_monsterinsights_sitenote_active":false,"_monsterinsights_sitenote_note":"","_monsterinsights_sitenote_category":0,"_uf_show_specific_survey":0,"_uf_disable_surveys":false,"footnotes":""},"class_list":["post-2160","page","type-page","status-publish","hentry"],"aioseo_notices":[],"_links":{"self":[{"href":"https:\/\/playonreviews.com\/en\/wp-json\/wp\/v2\/pages\/2160","targetHints":{"allow":["GET"]}}],"collection":[{"href":"https:\/\/playonreviews.com\/en\/wp-json\/wp\/v2\/pages"}],"about":[{"href":"https:\/\/playonreviews.com\/en\/wp-json\/wp\/v2\/types\/page"}],"author":[{"embeddable":true,"href":"https:\/\/playonreviews.com\/en\/wp-json\/wp\/v2\/users\/1"}],"replies":[{"embeddable":true,"href":"https:\/\/playonreviews.com\/en\/wp-json\/wp\/v2\/comments?post=2160"}],"version-history":[{"count":17,"href":"https:\/\/playonreviews.com\/en\/wp-json\/wp\/v2\/pages\/2160\/revisions"}],"predecessor-version":[{"id":3265,"href":"https:\/\/playonreviews.com\/en\/wp-json\/wp\/v2\/pages\/2160\/revisions\/3265"}],"wp:attachment":[{"href":"https:\/\/playonreviews.com\/en\/wp-json\/wp\/v2\/media?parent=2160"}],"curies":[{"name":"wp","href":"https:\/\/api.w.org\/{rel}","templated":true}]}}