{"id":2175,"date":"2026-03-08T11:08:54","date_gmt":"2026-03-08T11:08:54","guid":{"rendered":"https:\/\/playonreviews.com\/home-2\/"},"modified":"2026-03-31T22:58:01","modified_gmt":"2026-03-31T22:58:01","slug":"home","status":"publish","type":"page","link":"https:\/\/playonreviews.com\/en\/","title":{"rendered":"HOME"},"content":{"rendered":"<h3> Games \u2022 Reviews <\/h3>\n<h1>Reviews, news, and recommendations of the best games.<\/h1>\n<p data-start=\"265\" data-end=\"461\">Here you'll find the latest news from the gaming world, complete reviews of the most popular games, gameplay analyses, and recommendations to help you choose what's really worth playing.<\/p>\n<p data-start=\"463\" data-end=\"511\">\ud83c\udfae Stay informed before everyone else.<\/p>\n<p>\t\t\t\t\t<a href=\"https:\/\/playonreviews.com\/en\/reviews\/\"><br \/>\n\t\t\t\t\t\t\t\t\tsee reviews<br \/>\n\t\t\t\t\t<\/a><\/p>\n<h2>Discover the gaming universe.<\/h2>\n<p>\t\t\t\t\t\t\t\t\t\t\t\t\t\t\t<img decoding=\"async\" width=\"1600\" height=\"1000\" src=\"https:\/\/playonreviews.com\/wp-content\/uploads\/2026\/03\/capas.jpg\" alt=\"capas\" srcset=\"https:\/\/playonreviews.com\/wp-content\/uploads\/2026\/03\/capas.jpg 1600w, https:\/\/playonreviews.com\/wp-content\/uploads\/2026\/03\/capas-300x188.jpg 300w, https:\/\/playonreviews.com\/wp-content\/uploads\/2026\/03\/capas-1024x640.jpg 1024w, https:\/\/playonreviews.com\/wp-content\/uploads\/2026\/03\/capas-768x480.jpg 768w, https:\/\/playonreviews.com\/wp-content\/uploads\/2026\/03\/capas-1536x960.jpg 1536w, https:\/\/playonreviews.com\/wp-content\/uploads\/2026\/03\/capas-18x12.jpg 18w, https:\/\/playonreviews.com\/wp-content\/uploads\/2026\/03\/capas-600x375.jpg 600w\" sizes=\"(max-width: 1600px) 100vw, 1600px\" \/>\t\t\t\t\t\t\t\t\t\t\t\t\t\t\t<\/p>\n<h2>\ud83d\udd25 Brutal Game Reviews<\/h2>\n<ul>\n<li data-start=\"157\" data-end=\"317\"><strong>Find out if the game is worth it before you buy it.<\/strong><\/li>\n<\/ul>\n<p>\t\t\t\t\t<a href=\"https:\/\/playonreviews.com\/en\/reviews\/\"><br \/>\n\t\t\t\t\t\t\t\t\tsee reviews<br \/>\n\t\t\t\t\t<\/a><br \/>\n\t\t\t\t\t\t\t\t\t\t\t\t\t\t\t<img decoding=\"async\" width=\"1536\" height=\"1024\" src=\"https:\/\/playonreviews.com\/wp-content\/uploads\/2026\/03\/4a4ca2b0-8232-43c2-bfcc-9b378cd191fb.png\" alt=\"4a4ca2b0 8232 43c2 bfcc 9b378cd191fb\" srcset=\"https:\/\/playonreviews.com\/wp-content\/uploads\/2026\/03\/4a4ca2b0-8232-43c2-bfcc-9b378cd191fb.png 1536w, https:\/\/playonreviews.com\/wp-content\/uploads\/2026\/03\/4a4ca2b0-8232-43c2-bfcc-9b378cd191fb-300x200.png 300w, https:\/\/playonreviews.com\/wp-content\/uploads\/2026\/03\/4a4ca2b0-8232-43c2-bfcc-9b378cd191fb-1024x683.png 1024w, https:\/\/playonreviews.com\/wp-content\/uploads\/2026\/03\/4a4ca2b0-8232-43c2-bfcc-9b378cd191fb-768x512.png 768w, https:\/\/playonreviews.com\/wp-content\/uploads\/2026\/03\/4a4ca2b0-8232-43c2-bfcc-9b378cd191fb-18x12.png 18w, https:\/\/playonreviews.com\/wp-content\/uploads\/2026\/03\/4a4ca2b0-8232-43c2-bfcc-9b378cd191fb-600x400.png 600w\" sizes=\"(max-width: 1536px) 100vw, 1536px\" \/>\t\t\t\t\t\t\t\t\t\t\t\t\t\t\t<\/p>\n<h2>\u26a1 Latest News from the Gaming World<\/h2>\n<ul data-start=\"1564\" data-end=\"1683\">\n<li data-section-id=\"gnv2p8\" data-start=\"1619\" data-end=\"1683\">\n<p data-start=\"1621\" data-end=\"1683\"><strong data-start=\"1621\" data-end=\"1683\">Stay up to date with everything that's trending in the gaming world.<\/strong><\/p>\n<\/li>\n<\/ul>\n<p>\t\t\t\t\t<a href=\"https:\/\/playonreviews.com\/en\/noticias-gamer\/\"><br \/>\n\t\t\t\t\t\t\t\t\tsee news<br \/>\n\t\t\t\t\t<\/a><\/p>\n<h2>recent reviews<\/h2>\n<p>\t\t\t\t\t<a href=\"https:\/\/playonreviews.com\/en\/reviews\/\"><br \/>\n\t\t\t\t\t\t\t\t\tver mais&#8230;<br \/>\n\t\t\t\t\t<\/a><\/p>\n<h2>Latest News<\/h2>\n<p>\t\t\t\t\t<a href=\"https:\/\/playonreviews.com\/en\/noticias-gamer\/\"><br \/>\n\t\t\t\t\t\t\t\t\tver mais&#8230;<br \/>\n\t\t\t\t\t<\/a><\/p>","protected":false},"excerpt":{"rendered":"<p>Jogos \u2022 Reviews REVIEWS, NOT\u00cdCIAS E RECOMENDA\u00c7\u00d5ES DOS MELHORES JOGOS Aqui voc\u00ea encontra as \u00faltimas not\u00edcias do mundo gamer, reviews completas dos jogos mais populares, an\u00e1lises de gameplay e recomenda\u00e7\u00f5es para te ajudar a escolher o que realmente vale a pena jogar. \ud83c\udfae Fique por dentro de tudo antes de todo mundo. ver reviews descubra [&hellip;]<\/p>\n","protected":false},"author":1,"featured_media":0,"parent":0,"menu_order":0,"comment_status":"closed","ping_status":"closed","template":"elementor_header_footer","meta":{"om_disable_all_campaigns":false,"_monsterinsights_skip_tracking":false,"_monsterinsights_sitenote_active":false,"_monsterinsights_sitenote_note":"","_monsterinsights_sitenote_category":0,"_uf_show_specific_survey":0,"_uf_disable_surveys":false,"footnotes":""},"class_list":["post-2175","page","type-page","status-publish","hentry"],"aioseo_notices":[],"_links":{"self":[{"href":"https:\/\/playonreviews.com\/en\/wp-json\/wp\/v2\/pages\/2175","targetHints":{"allow":["GET"]}}],"collection":[{"href":"https:\/\/playonreviews.com\/en\/wp-json\/wp\/v2\/pages"}],"about":[{"href":"https:\/\/playonreviews.com\/en\/wp-json\/wp\/v2\/types\/page"}],"author":[{"embeddable":true,"href":"https:\/\/playonreviews.com\/en\/wp-json\/wp\/v2\/users\/1"}],"replies":[{"embeddable":true,"href":"https:\/\/playonreviews.com\/en\/wp-json\/wp\/v2\/comments?post=2175"}],"version-history":[{"count":169,"href":"https:\/\/playonreviews.com\/en\/wp-json\/wp\/v2\/pages\/2175\/revisions"}],"predecessor-version":[{"id":3386,"href":"https:\/\/playonreviews.com\/en\/wp-json\/wp\/v2\/pages\/2175\/revisions\/3386"}],"wp:attachment":[{"href":"https:\/\/playonreviews.com\/en\/wp-json\/wp\/v2\/media?parent=2175"}],"curies":[{"name":"wp","href":"https:\/\/api.w.org\/{rel}","templated":true}]}}