{"id":2608,"date":"2026-03-11T23:22:47","date_gmt":"2026-03-11T23:22:47","guid":{"rendered":"https:\/\/playonreviews.com\/?page_id=2608"},"modified":"2026-03-21T22:29:53","modified_gmt":"2026-03-21T22:29:53","slug":"ps5","status":"publish","type":"page","link":"https:\/\/playonreviews.com\/en\/ps5\/","title":{"rendered":"PS5"},"content":{"rendered":"<h1>os melhores jogos de pS5<\/h1>\n<p data-start=\"205\" data-end=\"508\">Os melhores jogos de <strong data-start=\"226\" data-end=\"243\">PlayStation 5<\/strong> re\u00fanem gr\u00e1ficos impressionantes, hist\u00f3rias envolventes e jogabilidade de nova gera\u00e7\u00e3o. Aqui no PlayOnReviews voc\u00ea encontra recomenda\u00e7\u00f5es dos t\u00edtulos mais populares e experi\u00eancias que realmente valem a pena jogar no console da Sony.<\/p>\n<p>\t\t\t\t\t\t\t\t\t\t<a href=\"https:\/\/meli.la\/1UXfpi5\">COMPRE J\u00c1<\/a> Resident Evil Requiem Midia Fisica PS5Enfrente o horror em Resident Evil Requiem. Prepare-se para sobreviver.<br \/>\n\t\t\t\t\t\t\t<svg aria-hidden=\"true\" viewbox=\"0 0 1000 1000\" xmlns=\"http:\/\/www.w3.org\/2000\/svg\"><path d=\"M646 125C629 125 613 133 604 142L308 442C296 454 292 471 292 487 292 504 296 521 308 533L604 854C617 867 629 875 646 875 663 875 679 871 692 858 704 846 713 829 713 812 713 796 708 779 692 767L438 487 692 225C700 217 708 204 708 187 708 171 704 154 692 142 675 129 663 125 646 125Z\"><\/path><\/svg><br \/>\n\t\t\t\t\t\t\t<svg aria-hidden=\"true\" viewbox=\"0 0 1000 1000\" xmlns=\"http:\/\/www.w3.org\/2000\/svg\"><path d=\"M696 533C708 521 713 504 713 487 713 471 708 454 696 446L400 146C388 133 375 125 354 125 338 125 325 129 313 142 300 154 292 171 292 187 292 204 296 221 308 233L563 492 304 771C292 783 288 800 288 817 288 833 296 850 308 863 321 871 338 875 354 875 371 875 388 867 400 854L696 533Z\"><\/path><\/svg><br \/>\n\t\t\t\t\t\t\t\t\t\t<a href=\"https:\/\/meli.la\/29p5ooP\">COMPRE J\u00c1<\/a>Crimson Desert Ps5 Midia FisicaExplore um mundo \u00e9pico em Crimson Desert no PS5. Compre agora!<br \/>\n\t\t\t\t\t\t\t<svg aria-hidden=\"true\" viewbox=\"0 0 1000 1000\" xmlns=\"http:\/\/www.w3.org\/2000\/svg\"><path d=\"M646 125C629 125 613 133 604 142L308 442C296 454 292 471 292 487 292 504 296 521 308 533L604 854C617 867 629 875 646 875 663 875 679 871 692 858 704 846 713 829 713 812 713 796 708 779 692 767L438 487 692 225C700 217 708 204 708 187 708 171 704 154 692 142 675 129 663 125 646 125Z\"><\/path><\/svg><br \/>\n\t\t\t\t\t\t\t<svg aria-hidden=\"true\" viewbox=\"0 0 1000 1000\" xmlns=\"http:\/\/www.w3.org\/2000\/svg\"><path d=\"M696 533C708 521 713 504 713 487 713 471 708 454 696 446L400 146C388 133 375 125 354 125 338 125 325 129 313 142 300 154 292 171 292 187 292 204 296 221 308 233L563 492 304 771C292 783 288 800 288 817 288 833 296 850 308 863 321 871 338 875 354 875 371 875 388 867 400 854L696 533Z\"><\/path><\/svg><br \/>\n\t\t\t\t\t\t\t\t\t\t<a href=\"https:\/\/meli.la\/2Yi8ULo\">COMPRE J\u00c1<\/a>Ghost of Y\u014dtei PS5Ghost of Y\u014dtei \u2014 Honra, combate e aventura em um novo cap\u00edtulo.<br \/>\n\t\t\t\t\t\t\t<svg aria-hidden=\"true\" viewbox=\"0 0 1000 1000\" xmlns=\"http:\/\/www.w3.org\/2000\/svg\"><path d=\"M646 125C629 125 613 133 604 142L308 442C296 454 292 471 292 487 292 504 296 521 308 533L604 854C617 867 629 875 646 875 663 875 679 871 692 858 704 846 713 829 713 812 713 796 708 779 692 767L438 487 692 225C700 217 708 204 708 187 708 171 704 154 692 142 675 129 663 125 646 125Z\"><\/path><\/svg><br \/>\n\t\t\t\t\t\t\t<svg aria-hidden=\"true\" viewbox=\"0 0 1000 1000\" xmlns=\"http:\/\/www.w3.org\/2000\/svg\"><path d=\"M696 533C708 521 713 504 713 487 713 471 708 454 696 446L400 146C388 133 375 125 354 125 338 125 325 129 313 142 300 154 292 171 292 187 292 204 296 221 308 233L563 492 304 771C292 783 288 800 288 817 288 833 296 850 308 863 321 871 338 875 354 875 371 875 388 867 400 854L696 533Z\"><\/path><\/svg><br \/>\n\t\t\t\t\t\t\t\t\t\tGod of War Ragnar\u00f6k &#8211; Edi\u00e7\u00e3o Standard &#8211; PlayStation 5Viva a jornada \u00e9pica de Kratos e Atreus enfrentando deuses e monstros em uma das aventuras mais intensas do PlayStation.<a href=\"https:\/\/amzn.to\/4da0jEC\">COMPRE J\u00c1<\/a><br \/>\n\t\t\t\t\t\t\t<svg aria-hidden=\"true\" viewbox=\"0 0 1000 1000\" xmlns=\"http:\/\/www.w3.org\/2000\/svg\"><path d=\"M646 125C629 125 613 133 604 142L308 442C296 454 292 471 292 487 292 504 296 521 308 533L604 854C617 867 629 875 646 875 663 875 679 871 692 858 704 846 713 829 713 812 713 796 708 779 692 767L438 487 692 225C700 217 708 204 708 187 708 171 704 154 692 142 675 129 663 125 646 125Z\"><\/path><\/svg><br \/>\n\t\t\t\t\t\t\t<svg aria-hidden=\"true\" viewbox=\"0 0 1000 1000\" xmlns=\"http:\/\/www.w3.org\/2000\/svg\"><path d=\"M696 533C708 521 713 504 713 487 713 471 708 454 696 446L400 146C388 133 375 125 354 125 338 125 325 129 313 142 300 154 292 171 292 187 292 204 296 221 308 233L563 492 304 771C292 783 288 800 288 817 288 833 296 850 308 863 321 871 338 875 354 875 371 875 388 867 400 854L696 533Z\"><\/path><\/svg><br \/>\n\t\t\t\t\t\t\t\t\t\tHorizon Zero Dawn Remastered \u2013 PS5Explore um mundo p\u00f3s-apocal\u00edptico incr\u00edvel e enfrente m\u00e1quinas gigantes em uma aventura remasterizada com gr\u00e1ficos impressionantes.<a href=\"https:\/\/amzn.to\/4cBxNM2\">COMPRE J\u00c1<\/a><br \/>\n\t\t\t\t\t\t\t<svg aria-hidden=\"true\" viewbox=\"0 0 1000 1000\" xmlns=\"http:\/\/www.w3.org\/2000\/svg\"><path d=\"M646 125C629 125 613 133 604 142L308 442C296 454 292 471 292 487 292 504 296 521 308 533L604 854C617 867 629 875 646 875 663 875 679 871 692 858 704 846 713 829 713 812 713 796 708 779 692 767L438 487 692 225C700 217 708 204 708 187 708 171 704 154 692 142 675 129 663 125 646 125Z\"><\/path><\/svg><br \/>\n\t\t\t\t\t\t\t<svg aria-hidden=\"true\" viewbox=\"0 0 1000 1000\" xmlns=\"http:\/\/www.w3.org\/2000\/svg\"><path d=\"M696 533C708 521 713 504 713 487 713 471 708 454 696 446L400 146C388 133 375 125 354 125 338 125 325 129 313 142 300 154 292 171 292 187 292 204 296 221 308 233L563 492 304 771C292 783 288 800 288 817 288 833 296 850 308 863 321 871 338 875 354 875 371 875 388 867 400 854L696 533Z\"><\/path><\/svg><br \/>\n\t\t\t\t\t\t\t\t\t\tThe Last of Us Part II Remastered \u2013 PS5Uma hist\u00f3ria emocionante de sobreviv\u00eancia, vingan\u00e7a e escolhas dif\u00edceis em um dos jogos mais aclamados da hist\u00f3ria.<a href=\"https:\/\/amzn.to\/4rTogoh\">COMPRE J\u00c1<\/a><br \/>\n\t\t\t\t\t\t\t<svg aria-hidden=\"true\" viewbox=\"0 0 1000 1000\" xmlns=\"http:\/\/www.w3.org\/2000\/svg\"><path d=\"M646 125C629 125 613 133 604 142L308 442C296 454 292 471 292 487 292 504 296 521 308 533L604 854C617 867 629 875 646 875 663 875 679 871 692 858 704 846 713 829 713 812 713 796 708 779 692 767L438 487 692 225C700 217 708 204 708 187 708 171 704 154 692 142 675 129 663 125 646 125Z\"><\/path><\/svg><br \/>\n\t\t\t\t\t\t\t<svg aria-hidden=\"true\" viewbox=\"0 0 1000 1000\" xmlns=\"http:\/\/www.w3.org\/2000\/svg\"><path d=\"M696 533C708 521 713 504 713 487 713 471 708 454 696 446L400 146C388 133 375 125 354 125 338 125 325 129 313 142 300 154 292 171 292 187 292 204 296 221 308 233L563 492 304 771C292 783 288 800 288 817 288 833 296 850 308 863 321 871 338 875 354 875 371 875 388 867 400 854L696 533Z\"><\/path><\/svg><br \/>\n\t\t\t\t\t\t\t\t\t\tMarvel&#8217;s Spider-Man 2 &#8211; PlayStation 5Balance por Nova York com Peter e Miles em uma aventura cheia de a\u00e7\u00e3o, novos poderes e vil\u00f5es ic\u00f4nicos.<a href=\"https:\/\/amzn.to\/4lf9eXk\">COMPRE J\u00c1<\/a><br \/>\n\t\t\t\t\t\t\t<svg aria-hidden=\"true\" viewbox=\"0 0 1000 1000\" xmlns=\"http:\/\/www.w3.org\/2000\/svg\"><path d=\"M646 125C629 125 613 133 604 142L308 442C296 454 292 471 292 487 292 504 296 521 308 533L604 854C617 867 629 875 646 875 663 875 679 871 692 858 704 846 713 829 713 812 713 796 708 779 692 767L438 487 692 225C700 217 708 204 708 187 708 171 704 154 692 142 675 129 663 125 646 125Z\"><\/path><\/svg><br \/>\n\t\t\t\t\t\t\t<svg aria-hidden=\"true\" viewbox=\"0 0 1000 1000\" xmlns=\"http:\/\/www.w3.org\/2000\/svg\"><path d=\"M696 533C708 521 713 504 713 487 713 471 708 454 696 446L400 146C388 133 375 125 354 125 338 125 325 129 313 142 300 154 292 171 292 187 292 204 296 221 308 233L563 492 304 771C292 783 288 800 288 817 288 833 296 850 308 863 321 871 338 875 354 875 371 875 388 867 400 854L696 533Z\"><\/path><\/svg><br \/>\n\t\t\t\t\t\t\t\t\t\tThe Last Of Us Part I &#8211; PlayStation 5Viva a jornada emocionante de Joel e Ellie em um dos jogos mais marcantes j\u00e1 feitos, totalmente recriado para PS5<a href=\"https:\/\/amzn.to\/4sH2gwY\">COMPRE J\u00c1<\/a><br \/>\n\t\t\t\t\t\t\t<svg aria-hidden=\"true\" viewbox=\"0 0 1000 1000\" xmlns=\"http:\/\/www.w3.org\/2000\/svg\"><path d=\"M646 125C629 125 613 133 604 142L308 442C296 454 292 471 292 487 292 504 296 521 308 533L604 854C617 867 629 875 646 875 663 875 679 871 692 858 704 846 713 829 713 812 713 796 708 779 692 767L438 487 692 225C700 217 708 204 708 187 708 171 704 154 692 142 675 129 663 125 646 125Z\"><\/path><\/svg><br \/>\n\t\t\t\t\t\t\t<svg aria-hidden=\"true\" viewbox=\"0 0 1000 1000\" xmlns=\"http:\/\/www.w3.org\/2000\/svg\"><path d=\"M696 533C708 521 713 504 713 487 713 471 708 454 696 446L400 146C388 133 375 125 354 125 338 125 325 129 313 142 300 154 292 171 292 187 292 204 296 221 308 233L563 492 304 771C292 783 288 800 288 817 288 833 296 850 308 863 321 871 338 875 354 875 371 875 388 867 400 854L696 533Z\"><\/path><\/svg><br \/>\n\t\t\t\t\t\t\t\t\t\tHorizon Forbidden West &#8211; PlayStation 5Explore novas terras perigosas, enfrente m\u00e1quinas gigantes e descubra mist\u00e9rios em uma aventura \u00e9pica de mundo aberto.<a href=\"https:\/\/amzn.to\/4aYq5ub\">COMPRE J\u00c1<\/a><br \/>\n\t\t\t\t\t\t\t<svg aria-hidden=\"true\" viewbox=\"0 0 1000 1000\" xmlns=\"http:\/\/www.w3.org\/2000\/svg\"><path d=\"M646 125C629 125 613 133 604 142L308 442C296 454 292 471 292 487 292 504 296 521 308 533L604 854C617 867 629 875 646 875 663 875 679 871 692 858 704 846 713 829 713 812 713 796 708 779 692 767L438 487 692 225C700 217 708 204 708 187 708 171 704 154 692 142 675 129 663 125 646 125Z\"><\/path><\/svg><br \/>\n\t\t\t\t\t\t\t<svg aria-hidden=\"true\" viewbox=\"0 0 1000 1000\" xmlns=\"http:\/\/www.w3.org\/2000\/svg\"><path d=\"M696 533C708 521 713 504 713 487 713 471 708 454 696 446L400 146C388 133 375 125 354 125 338 125 325 129 313 142 300 154 292 171 292 187 292 204 296 221 308 233L563 492 304 771C292 783 288 800 288 817 288 833 296 850 308 863 321 871 338 875 354 875 371 875 388 867 400 854L696 533Z\"><\/path><\/svg><br \/>\n\t\t\t\t\t\t\t\t\t\tDeath StrandingExplore um mundo misterioso e conecte a humanidade em uma jornada \u00fanica com novas miss\u00f5es e conte\u00fados extras.<a href=\"https:\/\/amzn.to\/4unUJ82\">COMPRE J\u00c1<\/a><br \/>\n\t\t\t\t\t\t\t<svg aria-hidden=\"true\" viewbox=\"0 0 1000 1000\" xmlns=\"http:\/\/www.w3.org\/2000\/svg\"><path d=\"M646 125C629 125 613 133 604 142L308 442C296 454 292 471 292 487 292 504 296 521 308 533L604 854C617 867 629 875 646 875 663 875 679 871 692 858 704 846 713 829 713 812 713 796 708 779 692 767L438 487 692 225C700 217 708 204 708 187 708 171 704 154 692 142 675 129 663 125 646 125Z\"><\/path><\/svg><br \/>\n\t\t\t\t\t\t\t<svg aria-hidden=\"true\" viewbox=\"0 0 1000 1000\" xmlns=\"http:\/\/www.w3.org\/2000\/svg\"><path d=\"M696 533C708 521 713 504 713 487 713 471 708 454 696 446L400 146C388 133 375 125 354 125 338 125 325 129 313 142 300 154 292 171 292 187 292 204 296 221 308 233L563 492 304 771C292 783 288 800 288 817 288 833 296 850 308 863 321 871 338 875 354 875 371 875 388 867 400 854L696 533Z\"><\/path><\/svg><br \/>\n\t\t\t\t\t\t\t\t\t\t<a href=\"https:\/\/amzn.to\/3PoW1zi\">COMPRE J\u00c1<\/a>ASTRO BOT \u2013 PS5Uma aventura divertida e cheia de criatividade que mostra todo o poder do PS5 em fases incr\u00edveis e cheias de a\u00e7\u00e3o.<br \/>\n\t\t\t\t\t\t\t<svg aria-hidden=\"true\" viewbox=\"0 0 1000 1000\" xmlns=\"http:\/\/www.w3.org\/2000\/svg\"><path d=\"M646 125C629 125 613 133 604 142L308 442C296 454 292 471 292 487 292 504 296 521 308 533L604 854C617 867 629 875 646 875 663 875 679 871 692 858 704 846 713 829 713 812 713 796 708 779 692 767L438 487 692 225C700 217 708 204 708 187 708 171 704 154 692 142 675 129 663 125 646 125Z\"><\/path><\/svg><br \/>\n\t\t\t\t\t\t\t<svg aria-hidden=\"true\" viewbox=\"0 0 1000 1000\" xmlns=\"http:\/\/www.w3.org\/2000\/svg\"><path d=\"M696 533C708 521 713 504 713 487 713 471 708 454 696 446L400 146C388 133 375 125 354 125 338 125 325 129 313 142 300 154 292 171 292 187 292 204 296 221 308 233L563 492 304 771C292 783 288 800 288 817 288 833 296 850 308 863 321 871 338 875 354 875 371 875 388 867 400 854L696 533Z\"><\/path><\/svg><br \/>\n\t\t\t\t\t\t\t\t\t\tDeath Stranding 2: On the Beach \u2013 PS5Continue a jornada em uma nova e misteriosa aventura criada por Hideo Kojima, com hist\u00f3ria profunda e um mundo ainda mais impressionante<a href=\"https:\/\/amzn.to\/40jJGyM\">COMPRE J\u00c1<\/a><br \/>\n\t\t\t\t\t\t\t<svg aria-hidden=\"true\" viewbox=\"0 0 1000 1000\" xmlns=\"http:\/\/www.w3.org\/2000\/svg\"><path d=\"M646 125C629 125 613 133 604 142L308 442C296 454 292 471 292 487 292 504 296 521 308 533L604 854C617 867 629 875 646 875 663 875 679 871 692 858 704 846 713 829 713 812 713 796 708 779 692 767L438 487 692 225C700 217 708 204 708 187 708 171 704 154 692 142 675 129 663 125 646 125Z\"><\/path><\/svg><br \/>\n\t\t\t\t\t\t\t<svg aria-hidden=\"true\" viewbox=\"0 0 1000 1000\" xmlns=\"http:\/\/www.w3.org\/2000\/svg\"><path d=\"M696 533C708 521 713 504 713 487 713 471 708 454 696 446L400 146C388 133 375 125 354 125 338 125 325 129 313 142 300 154 292 171 292 187 292 204 296 221 308 233L563 492 304 771C292 783 288 800 288 817 288 833 296 850 308 863 321 871 338 875 354 875 371 875 388 867 400 854L696 533Z\"><\/path><\/svg><br \/>\n\t\t\t\t\t\t\t\t\t\tEA Sports FC 26 \u2013 PS5Viva a emo\u00e7\u00e3o do futebol com gr\u00e1ficos realistas, times licenciados e partidas intensas dentro de campo.<a href=\"https:\/\/amzn.to\/4bvqvrX\">COMPRE J\u00c1<\/a><br \/>\n\t\t\t\t\t\t\t<svg aria-hidden=\"true\" viewbox=\"0 0 1000 1000\" xmlns=\"http:\/\/www.w3.org\/2000\/svg\"><path d=\"M646 125C629 125 613 133 604 142L308 442C296 454 292 471 292 487 292 504 296 521 308 533L604 854C617 867 629 875 646 875 663 875 679 871 692 858 704 846 713 829 713 812 713 796 708 779 692 767L438 487 692 225C700 217 708 204 708 187 708 171 704 154 692 142 675 129 663 125 646 125Z\"><\/path><\/svg><br \/>\n\t\t\t\t\t\t\t<svg aria-hidden=\"true\" viewbox=\"0 0 1000 1000\" xmlns=\"http:\/\/www.w3.org\/2000\/svg\"><path d=\"M696 533C708 521 713 504 713 487 713 471 708 454 696 446L400 146C388 133 375 125 354 125 338 125 325 129 313 142 300 154 292 171 292 187 292 204 296 221 308 233L563 492 304 771C292 783 288 800 288 817 288 833 296 850 308 863 321 871 338 875 354 875 371 875 388 867 400 854L696 533Z\"><\/path><\/svg><br \/>\n\t\t\t\t\t\t\t\t\t\tAssassin\u2019s Creed Shadows \u2013 PS5Explore o Jap\u00e3o feudal e domine a arte do stealth e do combate em uma nova aventura \u00e9pica da franquia.<a href=\"https:\/\/amzn.to\/4beLgXJ\">COMPRE J\u00c1<\/a><br \/>\n\t\t\t\t\t\t\t<svg aria-hidden=\"true\" viewbox=\"0 0 1000 1000\" xmlns=\"http:\/\/www.w3.org\/2000\/svg\"><path d=\"M646 125C629 125 613 133 604 142L308 442C296 454 292 471 292 487 292 504 296 521 308 533L604 854C617 867 629 875 646 875 663 875 679 871 692 858 704 846 713 829 713 812 713 796 708 779 692 767L438 487 692 225C700 217 708 204 708 187 708 171 704 154 692 142 675 129 663 125 646 125Z\"><\/path><\/svg><br \/>\n\t\t\t\t\t\t\t<svg aria-hidden=\"true\" viewbox=\"0 0 1000 1000\" xmlns=\"http:\/\/www.w3.org\/2000\/svg\"><path d=\"M696 533C708 521 713 504 713 487 713 471 708 454 696 446L400 146C388 133 375 125 354 125 338 125 325 129 313 142 300 154 292 171 292 187 292 204 296 221 308 233L563 492 304 771C292 783 288 800 288 817 288 833 296 850 308 863 321 871 338 875 354 875 371 875 388 867 400 854L696 533Z\"><\/path><\/svg><br \/>\n\t\t\t\t\t\t\t\t\t\tA Ascens\u00e3o do Ronin \u2013 PS5Entre em um Jap\u00e3o em guerra e escolha seu pr\u00f3prio caminho em uma aventura de a\u00e7\u00e3o intensa e cheia de decis\u00f5es.<a href=\"https:\/\/amzn.to\/4da76OA\">COMPRE J\u00c1<\/a><br \/>\n\t\t\t\t\t\t\t<svg aria-hidden=\"true\" viewbox=\"0 0 1000 1000\" xmlns=\"http:\/\/www.w3.org\/2000\/svg\"><path d=\"M646 125C629 125 613 133 604 142L308 442C296 454 292 471 292 487 292 504 296 521 308 533L604 854C617 867 629 875 646 875 663 875 679 871 692 858 704 846 713 829 713 812 713 796 708 779 692 767L438 487 692 225C700 217 708 204 708 187 708 171 704 154 692 142 675 129 663 125 646 125Z\"><\/path><\/svg><br \/>\n\t\t\t\t\t\t\t<svg aria-hidden=\"true\" viewbox=\"0 0 1000 1000\" xmlns=\"http:\/\/www.w3.org\/2000\/svg\"><path d=\"M696 533C708 521 713 504 713 487 713 471 708 454 696 446L400 146C388 133 375 125 354 125 338 125 325 129 313 142 300 154 292 171 292 187 292 204 296 221 308 233L563 492 304 771C292 783 288 800 288 817 288 833 296 850 308 863 321 871 338 875 354 875 371 875 388 867 400 854L696 533Z\"><\/path><\/svg><\/p>","protected":false},"excerpt":{"rendered":"<p>os melhores jogos de pS5 Os melhores jogos de PlayStation 5 re\u00fanem gr\u00e1ficos impressionantes, hist\u00f3rias envolventes e jogabilidade de nova gera\u00e7\u00e3o. Aqui no PlayOnReviews voc\u00ea encontra recomenda\u00e7\u00f5es dos t\u00edtulos mais populares e experi\u00eancias que realmente valem a pena jogar no console da Sony. COMPRE J\u00c1 Resident Evil Requiem Midia Fisica PS5Enfrente o horror em Resident [&hellip;]<\/p>\n","protected":false},"author":1,"featured_media":0,"parent":0,"menu_order":0,"comment_status":"closed","ping_status":"closed","template":"","meta":{"om_disable_all_campaigns":false,"_monsterinsights_skip_tracking":false,"_monsterinsights_sitenote_active":false,"_monsterinsights_sitenote_note":"","_monsterinsights_sitenote_category":0,"_uf_show_specific_survey":0,"_uf_disable_surveys":false,"footnotes":""},"class_list":["post-2608","page","type-page","status-publish","hentry"],"aioseo_notices":[],"_links":{"self":[{"href":"https:\/\/playonreviews.com\/en\/wp-json\/wp\/v2\/pages\/2608","targetHints":{"allow":["GET"]}}],"collection":[{"href":"https:\/\/playonreviews.com\/en\/wp-json\/wp\/v2\/pages"}],"about":[{"href":"https:\/\/playonreviews.com\/en\/wp-json\/wp\/v2\/types\/page"}],"author":[{"embeddable":true,"href":"https:\/\/playonreviews.com\/en\/wp-json\/wp\/v2\/users\/1"}],"replies":[{"embeddable":true,"href":"https:\/\/playonreviews.com\/en\/wp-json\/wp\/v2\/comments?post=2608"}],"version-history":[{"count":7,"href":"https:\/\/playonreviews.com\/en\/wp-json\/wp\/v2\/pages\/2608\/revisions"}],"predecessor-version":[{"id":3274,"href":"https:\/\/playonreviews.com\/en\/wp-json\/wp\/v2\/pages\/2608\/revisions\/3274"}],"wp:attachment":[{"href":"https:\/\/playonreviews.com\/en\/wp-json\/wp\/v2\/media?parent=2608"}],"curies":[{"name":"wp","href":"https:\/\/api.w.org\/{rel}","templated":true}]}}