{"id":2619,"date":"2026-03-11T23:26:05","date_gmt":"2026-03-11T23:26:05","guid":{"rendered":"https:\/\/playonreviews.com\/?page_id=2619"},"modified":"2026-03-21T22:30:56","modified_gmt":"2026-03-21T22:30:56","slug":"xbox-2","status":"publish","type":"page","link":"https:\/\/playonreviews.com\/en\/xbox-2\/","title":{"rendered":"Xbox"},"content":{"rendered":"<h1>Os Melhores Jogos de Xbox<\/h1>\n<p>Os jogos de <strong data-start=\"122\" data-end=\"139\">Xbox Series X<\/strong> and <strong data-start=\"142\" data-end=\"159\">Xbox Series S<\/strong> oferecem mundos incr\u00edveis para explorar, com gr\u00e1ficos avan\u00e7ados, a\u00e7\u00e3o intensa e experi\u00eancias imersivas. No PlayOnReviews voc\u00ea encontra recomenda\u00e7\u00f5es dos melhores t\u00edtulos para aproveitar ao m\u00e1ximo os consoles da Microsoft, desde grandes lan\u00e7amentos at\u00e9 jogos que todo gamer precisa conhecer.<\/p>\n<p>\t\t\t\t\t\t\t\t\t\t<a href=\"https:\/\/amzn.to\/4rqYOp3\">COMPRE J\u00c1<\/a> Resident Evil Requiem &#8211; XBOXEnfrente o horror em Resident Evil Requiem. Prepare-se para sobreviver.<br \/>\n\t\t\t\t\t\t\t<svg aria-hidden=\"true\" viewbox=\"0 0 1000 1000\" xmlns=\"http:\/\/www.w3.org\/2000\/svg\"><path d=\"M646 125C629 125 613 133 604 142L308 442C296 454 292 471 292 487 292 504 296 521 308 533L604 854C617 867 629 875 646 875 663 875 679 871 692 858 704 846 713 829 713 812 713 796 708 779 692 767L438 487 692 225C700 217 708 204 708 187 708 171 704 154 692 142 675 129 663 125 646 125Z\"><\/path><\/svg><br \/>\n\t\t\t\t\t\t\t<svg aria-hidden=\"true\" viewbox=\"0 0 1000 1000\" xmlns=\"http:\/\/www.w3.org\/2000\/svg\"><path d=\"M696 533C708 521 713 504 713 487 713 471 708 454 696 446L400 146C388 133 375 125 354 125 338 125 325 129 313 142 300 154 292 171 292 187 292 204 296 221 308 233L563 492 304 771C292 783 288 800 288 817 288 833 296 850 308 863 321 871 338 875 354 875 371 875 388 867 400 854L696 533Z\"><\/path><\/svg><br \/>\n\t\t\t\t\t\t\t\t\t\tEA Sports FC 26 \u2013 XBOXViva a emo\u00e7\u00e3o do futebol com gr\u00e1ficos realistas, times licenciados e partidas intensas dentro de campo.<a href=\"https:\/\/amzn.to\/4cGmSka\">COMPRE J\u00c1<\/a><br \/>\n\t\t\t\t\t\t\t<svg aria-hidden=\"true\" viewbox=\"0 0 1000 1000\" xmlns=\"http:\/\/www.w3.org\/2000\/svg\"><path d=\"M646 125C629 125 613 133 604 142L308 442C296 454 292 471 292 487 292 504 296 521 308 533L604 854C617 867 629 875 646 875 663 875 679 871 692 858 704 846 713 829 713 812 713 796 708 779 692 767L438 487 692 225C700 217 708 204 708 187 708 171 704 154 692 142 675 129 663 125 646 125Z\"><\/path><\/svg><br \/>\n\t\t\t\t\t\t\t<svg aria-hidden=\"true\" viewbox=\"0 0 1000 1000\" xmlns=\"http:\/\/www.w3.org\/2000\/svg\"><path d=\"M696 533C708 521 713 504 713 487 713 471 708 454 696 446L400 146C388 133 375 125 354 125 338 125 325 129 313 142 300 154 292 171 292 187 292 204 296 221 308 233L563 492 304 771C292 783 288 800 288 817 288 833 296 850 308 863 321 871 338 875 354 875 371 875 388 867 400 854L696 533Z\"><\/path><\/svg><br \/>\n\t\t\t\t\t\t\t\t\t\tAssassin\u2019s Creed Shadows \u2013 XBOXExplore o Jap\u00e3o feudal e domine a arte do stealth e do combate em uma nova aventura \u00e9pica da franquia.<a href=\"https:\/\/amzn.to\/4rvysT2\">COMPRE J\u00c1<\/a><br \/>\n\t\t\t\t\t\t\t<svg aria-hidden=\"true\" viewbox=\"0 0 1000 1000\" xmlns=\"http:\/\/www.w3.org\/2000\/svg\"><path d=\"M646 125C629 125 613 133 604 142L308 442C296 454 292 471 292 487 292 504 296 521 308 533L604 854C617 867 629 875 646 875 663 875 679 871 692 858 704 846 713 829 713 812 713 796 708 779 692 767L438 487 692 225C700 217 708 204 708 187 708 171 704 154 692 142 675 129 663 125 646 125Z\"><\/path><\/svg><br \/>\n\t\t\t\t\t\t\t<svg aria-hidden=\"true\" viewbox=\"0 0 1000 1000\" xmlns=\"http:\/\/www.w3.org\/2000\/svg\"><path d=\"M696 533C708 521 713 504 713 487 713 471 708 454 696 446L400 146C388 133 375 125 354 125 338 125 325 129 313 142 300 154 292 171 292 187 292 204 296 221 308 233L563 492 304 771C292 783 288 800 288 817 288 833 296 850 308 863 321 871 338 875 354 875 371 875 388 867 400 854L696 533Z\"><\/path><\/svg><br \/>\n\t\t\t\t\t\t\t\t\t\tMinecraft Legends &#8211; XBOXViva a emo\u00e7\u00e3o do futebol com gr\u00e1ficos realistas, times licenciados e partidas intensas dentro de campo.<a href=\"https:\/\/amzn.to\/4ry2Egh\">COMPRE J\u00c1<\/a><br \/>\n\t\t\t\t\t\t\t<svg aria-hidden=\"true\" viewbox=\"0 0 1000 1000\" xmlns=\"http:\/\/www.w3.org\/2000\/svg\"><path d=\"M646 125C629 125 613 133 604 142L308 442C296 454 292 471 292 487 292 504 296 521 308 533L604 854C617 867 629 875 646 875 663 875 679 871 692 858 704 846 713 829 713 812 713 796 708 779 692 767L438 487 692 225C700 217 708 204 708 187 708 171 704 154 692 142 675 129 663 125 646 125Z\"><\/path><\/svg><br \/>\n\t\t\t\t\t\t\t<svg aria-hidden=\"true\" viewbox=\"0 0 1000 1000\" xmlns=\"http:\/\/www.w3.org\/2000\/svg\"><path d=\"M696 533C708 521 713 504 713 487 713 471 708 454 696 446L400 146C388 133 375 125 354 125 338 125 325 129 313 142 300 154 292 171 292 187 292 204 296 221 308 233L563 492 304 771C292 783 288 800 288 817 288 833 296 850 308 863 321 871 338 875 354 875 371 875 388 867 400 854L696 533Z\"><\/path><\/svg><br \/>\n\t\t\t\t\t\t\t\t\t\tStranger Of Paradise: Final Fantasy Origin &#8211; XBOXExplore o Jap\u00e3o feudal e domine a arte do stealth e do combate em uma nova aventura \u00e9pica da franquia.<a href=\"https:\/\/amzn.to\/3PjPKF3\">COMPRE J\u00c1<\/a><br \/>\n\t\t\t\t\t\t\t<svg aria-hidden=\"true\" viewbox=\"0 0 1000 1000\" xmlns=\"http:\/\/www.w3.org\/2000\/svg\"><path d=\"M646 125C629 125 613 133 604 142L308 442C296 454 292 471 292 487 292 504 296 521 308 533L604 854C617 867 629 875 646 875 663 875 679 871 692 858 704 846 713 829 713 812 713 796 708 779 692 767L438 487 692 225C700 217 708 204 708 187 708 171 704 154 692 142 675 129 663 125 646 125Z\"><\/path><\/svg><br \/>\n\t\t\t\t\t\t\t<svg aria-hidden=\"true\" viewbox=\"0 0 1000 1000\" xmlns=\"http:\/\/www.w3.org\/2000\/svg\"><path d=\"M696 533C708 521 713 504 713 487 713 471 708 454 696 446L400 146C388 133 375 125 354 125 338 125 325 129 313 142 300 154 292 171 292 187 292 204 296 221 308 233L563 492 304 771C292 783 288 800 288 817 288 833 296 850 308 863 321 871 338 875 354 875 371 875 388 867 400 854L696 533Z\"><\/path><\/svg><br \/>\n\t\t\t\t\t\t\t\t\t\tScarlet Nexus &#8211; XBOXExplore o Jap\u00e3o feudal e domine a arte do stealth e do combate em uma nova aventura \u00e9pica da franquia.<a href=\"https:\/\/amzn.to\/3Ph3Y9J\">COMPRE J\u00c1<\/a><br \/>\n\t\t\t\t\t\t\t<svg aria-hidden=\"true\" viewbox=\"0 0 1000 1000\" xmlns=\"http:\/\/www.w3.org\/2000\/svg\"><path d=\"M646 125C629 125 613 133 604 142L308 442C296 454 292 471 292 487 292 504 296 521 308 533L604 854C617 867 629 875 646 875 663 875 679 871 692 858 704 846 713 829 713 812 713 796 708 779 692 767L438 487 692 225C700 217 708 204 708 187 708 171 704 154 692 142 675 129 663 125 646 125Z\"><\/path><\/svg><br \/>\n\t\t\t\t\t\t\t<svg aria-hidden=\"true\" viewbox=\"0 0 1000 1000\" xmlns=\"http:\/\/www.w3.org\/2000\/svg\"><path d=\"M696 533C708 521 713 504 713 487 713 471 708 454 696 446L400 146C388 133 375 125 354 125 338 125 325 129 313 142 300 154 292 171 292 187 292 204 296 221 308 233L563 492 304 771C292 783 288 800 288 817 288 833 296 850 308 863 321 871 338 875 354 875 371 875 388 867 400 854L696 533Z\"><\/path><\/svg><\/p>","protected":false},"excerpt":{"rendered":"<p>Os Melhores Jogos de Xbox Os jogos de Xbox Series X e Xbox Series S oferecem mundos incr\u00edveis para explorar, com gr\u00e1ficos avan\u00e7ados, a\u00e7\u00e3o intensa e experi\u00eancias imersivas. No PlayOnReviews voc\u00ea encontra recomenda\u00e7\u00f5es dos melhores t\u00edtulos para aproveitar ao m\u00e1ximo os consoles da Microsoft, desde grandes lan\u00e7amentos at\u00e9 jogos que todo gamer precisa conhecer. COMPRE [&hellip;]<\/p>\n","protected":false},"author":1,"featured_media":0,"parent":0,"menu_order":0,"comment_status":"closed","ping_status":"closed","template":"","meta":{"om_disable_all_campaigns":false,"_monsterinsights_skip_tracking":false,"_monsterinsights_sitenote_active":false,"_monsterinsights_sitenote_note":"","_monsterinsights_sitenote_category":0,"_uf_show_specific_survey":0,"_uf_disable_surveys":false,"footnotes":""},"class_list":["post-2619","page","type-page","status-publish","hentry"],"aioseo_notices":[],"_links":{"self":[{"href":"https:\/\/playonreviews.com\/en\/wp-json\/wp\/v2\/pages\/2619","targetHints":{"allow":["GET"]}}],"collection":[{"href":"https:\/\/playonreviews.com\/en\/wp-json\/wp\/v2\/pages"}],"about":[{"href":"https:\/\/playonreviews.com\/en\/wp-json\/wp\/v2\/types\/page"}],"author":[{"embeddable":true,"href":"https:\/\/playonreviews.com\/en\/wp-json\/wp\/v2\/users\/1"}],"replies":[{"embeddable":true,"href":"https:\/\/playonreviews.com\/en\/wp-json\/wp\/v2\/comments?post=2619"}],"version-history":[{"count":10,"href":"https:\/\/playonreviews.com\/en\/wp-json\/wp\/v2\/pages\/2619\/revisions"}],"predecessor-version":[{"id":3286,"href":"https:\/\/playonreviews.com\/en\/wp-json\/wp\/v2\/pages\/2619\/revisions\/3286"}],"wp:attachment":[{"href":"https:\/\/playonreviews.com\/en\/wp-json\/wp\/v2\/media?parent=2619"}],"curies":[{"name":"wp","href":"https:\/\/api.w.org\/{rel}","templated":true}]}}