{"id":2961,"date":"2026-03-13T23:12:58","date_gmt":"2026-03-13T23:12:58","guid":{"rendered":"https:\/\/playonreviews.com\/?page_id=2961"},"modified":"2026-03-21T22:30:47","modified_gmt":"2026-03-21T22:30:47","slug":"termos-de-uso","status":"publish","type":"page","link":"https:\/\/playonreviews.com\/en\/termos-de-uso\/","title":{"rendered":"TERMS OF USE"},"content":{"rendered":"<h1>Terms of Use<\/h1>\n<p>TERMS OF USE<\/p>\n<p>By accessing the PlayOnReviews website, you agree to these terms of use. If you do not agree with any of the terms described on this page, we recommend that you do not use the website.<\/p>\n<p>Use of content<\/p>\n<p>All content published on PlayOnReviews, including text, reviews, news, and images, is intended for informational and entertainment purposes only. Copying or reproducing the content without authorization is not permitted.<\/p>\n<p>Content and information<\/p>\n<p>We strive to keep the information on the site up-to-date and accurate. However, we do not guarantee that all content is completely error-free or always up-to-date.<\/p>\n<p>External links<\/p>\n<p>This website may contain links to other websites on the internet. We have no control over the content or policies of those websites and are not responsible for their practices.<\/p>\n<p>Affiliate links<\/p>\n<p>Some links on PlayOnReviews may be affiliate links. This means we may receive a small commission if a purchase is made through these links, at no additional cost to the user.<\/p>\n<p>User responsibility<\/p>\n<p>The user agrees to use the site responsibly and in accordance with applicable laws.<\/p>\n<p>Changes to terms<\/p>\n<p>PlayOnReviews may update these Terms of Use at any time without prior notice. We recommend that you review this page periodically.<\/p>\n<p><strong><a href=\"https:\/\/playonreviews.com\/en\/contact\/\">Contact<\/a><\/strong><\/p>\n<p>If you have any questions about these Terms of Use, please contact us through the website's contact page.<\/p>","protected":false},"excerpt":{"rendered":"<p>Termos de Uso TERMOS DE USO Ao acessar o site PlayOnReviews, voc\u00ea concorda com estes termos de uso. Caso n\u00e3o concorde com algum dos termos descritos nesta p\u00e1gina, recomendamos que n\u00e3o utilize o site. Uso do conte\u00fado Todo o conte\u00fado publicado no PlayOnReviews, incluindo textos, an\u00e1lises, not\u00edcias e imagens, \u00e9 destinado apenas para fins informativos [&hellip;]<\/p>\n","protected":false},"author":1,"featured_media":0,"parent":0,"menu_order":0,"comment_status":"closed","ping_status":"closed","template":"","meta":{"om_disable_all_campaigns":false,"_monsterinsights_skip_tracking":false,"_monsterinsights_sitenote_active":false,"_monsterinsights_sitenote_note":"","_monsterinsights_sitenote_category":0,"_uf_show_specific_survey":0,"_uf_disable_surveys":false,"footnotes":""},"class_list":["post-2961","page","type-page","status-publish","hentry"],"aioseo_notices":[],"_links":{"self":[{"href":"https:\/\/playonreviews.com\/en\/wp-json\/wp\/v2\/pages\/2961","targetHints":{"allow":["GET"]}}],"collection":[{"href":"https:\/\/playonreviews.com\/en\/wp-json\/wp\/v2\/pages"}],"about":[{"href":"https:\/\/playonreviews.com\/en\/wp-json\/wp\/v2\/types\/page"}],"author":[{"embeddable":true,"href":"https:\/\/playonreviews.com\/en\/wp-json\/wp\/v2\/users\/1"}],"replies":[{"embeddable":true,"href":"https:\/\/playonreviews.com\/en\/wp-json\/wp\/v2\/comments?post=2961"}],"version-history":[{"count":10,"href":"https:\/\/playonreviews.com\/en\/wp-json\/wp\/v2\/pages\/2961\/revisions"}],"predecessor-version":[{"id":3283,"href":"https:\/\/playonreviews.com\/en\/wp-json\/wp\/v2\/pages\/2961\/revisions\/3283"}],"wp:attachment":[{"href":"https:\/\/playonreviews.com\/en\/wp-json\/wp\/v2\/media?parent=2961"}],"curies":[{"name":"wp","href":"https:\/\/api.w.org\/{rel}","templated":true}]}}